{"id":18977,"date":"2021-01-18T05:24:45","date_gmt":"2021-01-18T05:24:45","guid":{"rendered":"https:\/\/keenitsolutions.com\/products\/wordpress\/braintech\/?page_id=18977"},"modified":"2023-09-02T17:33:44","modified_gmt":"2023-09-02T15:33:44","slug":"home-9","status":"publish","type":"page","link":"https:\/\/a2a-expertise.com\/?page_id=18977","title":{"rendered":"Documents S\u00e9curis\u00e9s"},"content":{"rendered":"\t\t<div data-elementor-type=\"wp-page\" data-elementor-id=\"18977\" class=\"elementor elementor-18977\" data-elementor-post-type=\"page\">\n\t\t\t\t\t\t\t\t\t<section class=\"elementor-section elementor-top-section elementor-element elementor-element-8019bab elementor-section-boxed elementor-section-height-default elementor-section-height-default\" data-id=\"8019bab\" data-element_type=\"section\">\n\t\t\t\t\t\t<div class=\"elementor-container elementor-column-gap-default\">\n\t\t\t\t\t<div class=\"elementor-column elementor-col-100 elementor-top-column elementor-element elementor-element-b7600b2\" data-id=\"b7600b2\" data-element_type=\"column\">\n\t\t\t<div class=\"elementor-widget-wrap elementor-element-populated\">\n\t\t\t\t\t\t\t\t<section class=\"elementor-section elementor-inner-section elementor-element elementor-element-6d3f241 elementor-section-full_width elementor-section-height-default elementor-section-height-default\" data-id=\"6d3f241\" data-element_type=\"section\">\n\t\t\t\t\t\t<div class=\"elementor-container elementor-column-gap-default\">\n\t\t\t\t\t<div class=\"elementor-column elementor-col-100 elementor-inner-column elementor-element elementor-element-d766a61\" data-id=\"d766a61\" data-element_type=\"column\">\n\t\t\t<div class=\"elementor-widget-wrap elementor-element-populated\">\n\t\t\t\t\t\t\t\t<div class=\"elementor-element elementor-element-2676668 elementor-widget elementor-widget-rs-heading\" data-id=\"2676668\" data-element_type=\"widget\" data-widget_type=\"rs-heading.default\">\n\t\t\t\t<div class=\"elementor-widget-container\">\n\t\t\t        <div class=\"rs-heading style9 center \">\r\n        \t<div class=\"title-inner\">        \t\t      \t\t\r\n\t            <div class=\"title-img top no_animation\"> <img decoding=\"async\" src=\"https:\/\/a2a-expertise.com\/wp-content\/uploads\/2023\/08\/Securite.png\" \/><\/div><h2 class=\"title\"><span class=\"watermark\"><\/span>S\u00e9curit\u00e9 Documentaire :  <span>Votre Partenaire de Confiance pour des Documents Inviolables<\/span><\/h2>\t\t\t\t\t        <\/div>\r\n\t                    \t<div class=\"description\">\r\n            \t\t<p>La s\u00e9curit\u00e9 des documents Conscient de l'importance cruciale que rev\u00eat la s\u00e9curisation de vos documents. <br \/>Chez A2A Expertise, nous sommes fiers d'\u00eatre votre partenaire de confiance dans la conception et la fabrication de documents s\u00e9curis\u00e9s qui garantissent la confidentialit\u00e9, l'int\u00e9grit\u00e9 et l'authenticit\u00e9 de vos informations les plus sensibles.<\/p><hr \/><p>\u00a0<\/p><p><strong>NOTRE EXPERTISE EN S\u00c9CURIT\u00c9 DOCUMENTAIRE<\/strong><\/p><p>Avec des ann\u00e9es d'exp\u00e9rience et un engagement ind\u00e9fectible envers l'innovation, nous nous sp\u00e9cialisons dans la conception et la production de documents s\u00e9curis\u00e9s sur mesure. Qu'il s'agisse de passeports, de cartes d'identit\u00e9, de certificats, de billets ou d'autres documents essentiels, nous mettons en \u0153uvre des solutions de pointe pour pr\u00e9venir la contrefa\u00e7on, la falsification et la fraude.<\/p>            \t\t\r\n            \t<\/div>\r\n        \t        <\/div>\r\n\r\n        \t\t<\/div>\n\t\t\t\t<\/div>\n\t\t\t\t\t<\/div>\n\t\t<\/div>\n\t\t\t\t\t\t\t<\/div>\n\t\t<\/section>\n\t\t\t\t<section class=\"elementor-section elementor-inner-section elementor-element elementor-element-014f88c elementor-section-full_width elementor-section-height-default elementor-section-height-default\" data-id=\"014f88c\" data-element_type=\"section\">\n\t\t\t\t\t\t<div class=\"elementor-container elementor-column-gap-default\">\n\t\t\t\t\t<div class=\"elementor-column elementor-col-25 elementor-inner-column elementor-element elementor-element-ca17bda\" data-id=\"ca17bda\" data-element_type=\"column\">\n\t\t\t<div class=\"elementor-widget-wrap elementor-element-populated\">\n\t\t\t\t\t\t\t\t<div class=\"elementor-element elementor-element-3c70921 elementor-widget elementor-widget-rs-heading\" data-id=\"3c70921\" data-element_type=\"widget\" data-widget_type=\"rs-heading.default\">\n\t\t\t\t<div class=\"elementor-widget-container\">\n\t\t\t        <div class=\"rs-heading style9 center \">\r\n        \t<div class=\"title-inner\">        \t\t      \t\t\r\n\t            <div class=\"title-img top no_animation\"> <img decoding=\"async\" src=\"https:\/\/a2a-expertise.com\/wp-content\/uploads\/2023\/08\/pngtree-fingerprint-scanner-biometric-access-control-png-image_5607523-e1692549031748.png\" \/><\/div><h4 class=\"title\"><span class=\"watermark\"><\/span>Technologies de Pointe <\/h4>\t\t\t\t\t        <\/div>\r\n\t                    \t<div class=\"description\">\r\n            \t\t<p style=\"text-align: left\">Nous int\u00e9grons les derni\u00e8res avanc\u00e9es technologiques en mati\u00e8re de s\u00e9curit\u00e9 documentaire, telles que les encres sp\u00e9ciales, les hologrammes, les encres \u00e0 r\u00e9action chimique, les motifs complexes et bien plus encore. Ces \u00e9l\u00e9ments dissuasifs difficiles \u00e0 reproduire contribuent \u00e0 garantir l'authenticit\u00e9 de chaque document.<\/p>            \t\t\r\n            \t<\/div>\r\n        \t        <\/div>\r\n\r\n        \t\t<\/div>\n\t\t\t\t<\/div>\n\t\t\t\t\t<\/div>\n\t\t<\/div>\n\t\t\t\t<div class=\"elementor-column elementor-col-25 elementor-inner-column elementor-element elementor-element-5b63819\" data-id=\"5b63819\" data-element_type=\"column\">\n\t\t\t<div class=\"elementor-widget-wrap elementor-element-populated\">\n\t\t\t\t\t\t\t\t<div class=\"elementor-element elementor-element-e2c01b7 elementor-widget elementor-widget-rs-heading\" data-id=\"e2c01b7\" data-element_type=\"widget\" data-widget_type=\"rs-heading.default\">\n\t\t\t\t<div class=\"elementor-widget-container\">\n\t\t\t        <div class=\"rs-heading style9 center \">\r\n        \t<div class=\"title-inner\">        \t\t      \t\t\r\n\t            <div class=\"title-img top no_animation\"> <img decoding=\"async\" src=\"https:\/\/a2a-expertise.com\/wp-content\/uploads\/2023\/08\/QR_Code_example.png\" \/><\/div><h4 class=\"title\"><span class=\"watermark\"><\/span>Cryptage Avanc\u00e9 via Code QR<\/h4>\t\t\t\t\t        <\/div>\r\n\t                    \t<div class=\"description\">\r\n            \t\t<p style=\"text-align: left\">Pour une s\u00e9curit\u00e9 renforc\u00e9e, nous utilisons des codes QR s\u00e9curis\u00e9s et des \u00e9l\u00e9ments cryptographiques, qui peuvent \u00eatre v\u00e9rifi\u00e9s \u00e0 l'aide d'applications sp\u00e9cifiques pour garantir l'originalit\u00e9 du document.<\/p>            \t\t\r\n            \t<\/div>\r\n        \t        <\/div>\r\n\r\n        \t\t<\/div>\n\t\t\t\t<\/div>\n\t\t\t\t\t<\/div>\n\t\t<\/div>\n\t\t\t\t<div class=\"elementor-column elementor-col-25 elementor-inner-column elementor-element elementor-element-1b8aeea\" data-id=\"1b8aeea\" data-element_type=\"column\">\n\t\t\t<div class=\"elementor-widget-wrap elementor-element-populated\">\n\t\t\t\t\t\t\t\t<div class=\"elementor-element elementor-element-949aec0 elementor-widget elementor-widget-rs-heading\" data-id=\"949aec0\" data-element_type=\"widget\" data-widget_type=\"rs-heading.default\">\n\t\t\t\t<div class=\"elementor-widget-container\">\n\t\t\t        <div class=\"rs-heading style9 center \">\r\n        \t<div class=\"title-inner\">        \t\t      \t\t\r\n\t            <div class=\"title-img top no_animation\"> <img decoding=\"async\" src=\"https:\/\/a2a-expertise.com\/wp-content\/uploads\/2023\/08\/sticker-hologramme-de-securite-d-authentification-anti-effraction-void-standard-e1692548564413.webp\" \/><\/div><h4 class=\"title\"><span class=\"watermark\"><\/span>Mat\u00e9riaux de Haute Qualit\u00e9 <\/h4>\t\t\t\t\t        <\/div>\r\n\t                    \t<div class=\"description\">\r\n            \t\t<p style=\"text-align: left\">Nos documents sont imprim\u00e9s sur des supports de haute qualit\u00e9, r\u00e9sistants \u00e0 l'usure et aux alt\u00e9rations, pour assurer une dur\u00e9e de vie prolong\u00e9e et une protection accrue contre la falsification.<\/p>            \t\t\r\n            \t<\/div>\r\n        \t        <\/div>\r\n\r\n        \t\t<\/div>\n\t\t\t\t<\/div>\n\t\t\t\t\t<\/div>\n\t\t<\/div>\n\t\t\t\t<div class=\"elementor-column elementor-col-25 elementor-inner-column elementor-element elementor-element-0e3cbfc\" data-id=\"0e3cbfc\" data-element_type=\"column\">\n\t\t\t<div class=\"elementor-widget-wrap elementor-element-populated\">\n\t\t\t\t\t\t\t\t<div class=\"elementor-element elementor-element-70fb6d2 elementor-widget elementor-widget-rs-heading\" data-id=\"70fb6d2\" data-element_type=\"widget\" data-widget_type=\"rs-heading.default\">\n\t\t\t\t<div class=\"elementor-widget-container\">\n\t\t\t        <div class=\"rs-heading style9 center \">\r\n        \t<div class=\"title-inner\">        \t\t      \t\t\r\n\t            <div class=\"title-img top no_animation\"> <img decoding=\"async\" src=\"https:\/\/a2a-expertise.com\/wp-content\/uploads\/2023\/08\/Personnalisation.png\" \/><\/div><h4 class=\"title\"><span class=\"watermark\"><\/span>Personnalisation Avanc\u00e9e <\/h4>\t\t\t\t\t        <\/div>\r\n\t                    \t<div class=\"description\">\r\n            \t\t<p style=\"text-align: left\">Chaque document est con\u00e7u sur mesure pour r\u00e9pondre \u00e0 vos besoins sp\u00e9cifiques. Nous int\u00e9grons des \u00e9l\u00e9ments uniques et distinctifs qui refl\u00e8tent l'identit\u00e9 de votre organisation tout en am\u00e9liorant la s\u00e9curit\u00e9.<\/p>            \t\t\r\n            \t<\/div>\r\n        \t        <\/div>\r\n\r\n        \t\t<\/div>\n\t\t\t\t<\/div>\n\t\t\t\t\t<\/div>\n\t\t<\/div>\n\t\t\t\t\t\t\t<\/div>\n\t\t<\/section>\n\t\t\t\t\t<\/div>\n\t\t<\/div>\n\t\t\t\t\t\t\t<\/div>\n\t\t<\/section>\n\t\t\t\t<section class=\"elementor-section elementor-top-section elementor-element elementor-element-86493cd elementor-section-content-middle elementor-section-full_width elementor-section-height-default elementor-section-height-default\" data-id=\"86493cd\" data-element_type=\"section\" data-settings=\"{&quot;background_background&quot;:&quot;gradient&quot;}\">\n\t\t\t\t\t\t\t<div class=\"elementor-background-overlay\"><\/div>\n\t\t\t\t\t\t\t<div class=\"elementor-container elementor-column-gap-default\">\n\t\t\t\t\t<div class=\"elementor-column elementor-col-50 elementor-top-column elementor-element elementor-element-7413a4c\" data-id=\"7413a4c\" data-element_type=\"column\">\n\t\t\t<div class=\"elementor-widget-wrap elementor-element-populated\">\n\t\t\t\t\t\t\t\t<div class=\"elementor-element elementor-element-6c16266 elementor-widget elementor-widget-image\" data-id=\"6c16266\" data-element_type=\"widget\" data-widget_type=\"image.default\">\n\t\t\t\t<div class=\"elementor-widget-container\">\n\t\t\t<style>\/*! elementor - v3.15.0 - 20-08-2023 *\/\n.elementor-widget-image{text-align:center}.elementor-widget-image a{display:inline-block}.elementor-widget-image a img[src$=\".svg\"]{width:48px}.elementor-widget-image img{vertical-align:middle;display:inline-block}<\/style>\t\t\t\t\t\t\t\t\t\t\t\t<img decoding=\"async\" loading=\"lazy\" width=\"640\" height=\"251\" src=\"https:\/\/a2a-expertise.com\/wp-content\/uploads\/2023\/08\/Elements-de-securites-1024x402.png\" class=\"attachment-large size-large wp-image-24584\" alt=\"\" srcset=\"https:\/\/a2a-expertise.com\/wp-content\/uploads\/2023\/08\/Elements-de-securites-1024x402.png 1024w, https:\/\/a2a-expertise.com\/wp-content\/uploads\/2023\/08\/Elements-de-securites-300x118.png 300w, https:\/\/a2a-expertise.com\/wp-content\/uploads\/2023\/08\/Elements-de-securites-768x302.png 768w, https:\/\/a2a-expertise.com\/wp-content\/uploads\/2023\/08\/Elements-de-securites.png 1156w\" sizes=\"(max-width: 640px) 100vw, 640px\" \/>\t\t\t\t\t\t\t\t\t\t\t\t\t\t\t<\/div>\n\t\t\t\t<\/div>\n\t\t\t\t\t<\/div>\n\t\t<\/div>\n\t\t\t\t<div class=\"elementor-column elementor-col-50 elementor-top-column elementor-element elementor-element-9ff120f\" data-id=\"9ff120f\" data-element_type=\"column\">\n\t\t\t<div class=\"elementor-widget-wrap elementor-element-populated\">\n\t\t\t\t\t\t\t\t<div class=\"elementor-element elementor-element-64d03db elementor-widget elementor-widget-rs-heading\" data-id=\"64d03db\" data-element_type=\"widget\" data-widget_type=\"rs-heading.default\">\n\t\t\t\t<div class=\"elementor-widget-container\">\n\t\t\t        <div class=\"rs-heading default center \">\r\n        \t<div class=\"title-inner\">        \t\t      \t\t\r\n\t            <h2 class=\"title\"><span class=\"watermark\"><\/span>Transformez la S\u00e9curit\u00e9 en <span>Avantage<\/span><\/h2>\t\t\t\t\t        <\/div>\r\n\t                <\/div>\r\n\r\n        \t\t<\/div>\n\t\t\t\t<\/div>\n\t\t\t\t<div class=\"elementor-element elementor-element-25d9a7a elementor-widget elementor-widget-rs-button\" data-id=\"25d9a7a\" data-element_type=\"widget\" data-widget_type=\"rs-button.default\">\n\t\t\t\t<div class=\"elementor-widget-container\">\n\t\t\t\t\r\n\t\t\r\n\t\t\t\t\t<div class=\"rs-btn\">\r\n\t\t\t\t\t\t\t\t<a class=\"readon rs_button\" href=\"https:\/\/a2a-expertise.com\/?page_id=21595\" >\t\t\t\t\r\n\t\t\t\t\t<span class=\"btn_text\">Contactez-Nous<\/span>\r\n\t\t\t\t\t\t\t\t\t<\/a>\r\n\t\t\t<\/div> \r\n\t\t   \r\n\t\t\t<\/div>\n\t\t\t\t<\/div>\n\t\t\t\t\t<\/div>\n\t\t<\/div>\n\t\t\t\t\t\t\t<\/div>\n\t\t<\/section>\n\t\t\t\t\t\t\t<\/div>\n\t\t","protected":false},"excerpt":{"rendered":"<p>S\u00e9curit\u00e9 Documentaire : Votre Partenaire de Confiance pour des Documents Inviolables La s\u00e9curit\u00e9 des documents Conscient de l&#8217;importance cruciale que rev\u00eat la s\u00e9curisation de vos documents. Chez A2A Expertise, nous sommes fiers d&#8217;\u00eatre votre partenaire de confiance dans la conception et la fabrication de documents s\u00e9curis\u00e9s qui garantissent la confidentialit\u00e9, l&#8217;int\u00e9grit\u00e9 et l&#8217;authenticit\u00e9 de vos&#8230;<\/p>\n","protected":false},"author":1,"featured_media":0,"parent":0,"menu_order":0,"comment_status":"closed","ping_status":"closed","template":"elementor_header_footer","meta":{"_monsterinsights_skip_tracking":false,"_monsterinsights_sitenote_active":false,"_monsterinsights_sitenote_note":"","_monsterinsights_sitenote_category":0,"footnotes":""},"aioseo_notices":[],"_links":{"self":[{"href":"https:\/\/a2a-expertise.com\/index.php?rest_route=\/wp\/v2\/pages\/18977"}],"collection":[{"href":"https:\/\/a2a-expertise.com\/index.php?rest_route=\/wp\/v2\/pages"}],"about":[{"href":"https:\/\/a2a-expertise.com\/index.php?rest_route=\/wp\/v2\/types\/page"}],"author":[{"embeddable":true,"href":"https:\/\/a2a-expertise.com\/index.php?rest_route=\/wp\/v2\/users\/1"}],"replies":[{"embeddable":true,"href":"https:\/\/a2a-expertise.com\/index.php?rest_route=%2Fwp%2Fv2%2Fcomments&post=18977"}],"version-history":[{"count":197,"href":"https:\/\/a2a-expertise.com\/index.php?rest_route=\/wp\/v2\/pages\/18977\/revisions"}],"predecessor-version":[{"id":26051,"href":"https:\/\/a2a-expertise.com\/index.php?rest_route=\/wp\/v2\/pages\/18977\/revisions\/26051"}],"wp:attachment":[{"href":"https:\/\/a2a-expertise.com\/index.php?rest_route=%2Fwp%2Fv2%2Fmedia&parent=18977"}],"curies":[{"name":"wp","href":"https:\/\/api.w.org\/{rel}","templated":true}]}}